{"id":610,"date":"2024-02-12T12:27:37","date_gmt":"2024-02-12T12:27:37","guid":{"rendered":"https:\/\/impulse-activewear.com\/?post_type=product&#038;p=610"},"modified":"2026-04-14T08:36:28","modified_gmt":"2026-04-14T08:36:28","slug":"the-little-black-iaw-top","status":"publish","type":"product","link":"https:\/\/impulse-activewear.com\/sr\/\u043f\u0440\u043e\u0438\u0437\u0432\u043e\u0434\/the-little-black-iaw-top\/","title":{"rendered":"THE LITTLE BLACK IAW TOP"},"content":{"rendered":"<p>Mekana i ne\u017ena za ko\u017eu. Dvoslojni za potpunu za\u0161titu. Sna\u017ena traka od 4 cm koja pru\u017ea podr\u0161ku. Laskav vrat i le\u0111a.<br \/>\nUparite ih sa helankama za stil od glave do pete bez napora.<\/p>","protected":false},"excerpt":{"rendered":"<p>Soft and gentle on the skin. Double layered to provide full protection. Strong 4cm band that provides support. Flattering scoop neck and back. Pair with leggings for effortless head-to-toe styling.<\/p>","protected":false},"featured_media":889,"comment_status":"open","ping_status":"closed","template":"","meta":{"_acf_changed":false},"product_brand":[],"product_cat":[27],"product_tag":[],"class_list":{"0":"post-610","1":"product","2":"type-product","3":"status-publish","4":"has-post-thumbnail","6":"product_cat-top","7":"pa_velicina-l","8":"pa_velicina-m","9":"pa_velicina-s","11":"first","12":"instock","13":"shipping-taxable","14":"purchasable","15":"product-type-variable"},"acf":[],"yoast_head":"<!-- This site is optimized with the Yoast SEO plugin v27.2 - https:\/\/yoast.com\/product\/yoast-seo-wordpress\/ -->\n<title>THE LITTLE BLACK IAW TOP - Impulse Active Wear<\/title>\n<meta name=\"robots\" content=\"index, follow, max-snippet:-1, max-image-preview:large, max-video-preview:-1\" \/>\n<link rel=\"canonical\" href=\"https:\/\/impulse-activewear.com\/sr\/\u043f\u0440\u043e\u0438\u0437\u0432\u043e\u0434\/the-little-black-iaw-top\/\" \/>\n<meta property=\"og:locale\" content=\"sr_RS\" \/>\n<meta property=\"og:type\" content=\"article\" \/>\n<meta property=\"og:title\" content=\"THE LITTLE BLACK IAW TOP - Impulse Active Wear\" \/>\n<meta property=\"og:description\" content=\"Soft and gentle on the skin. Double layered to provide full protection. Strong 4cm band that provides support. Flattering scoop neck and back. Pair with leggings for effortless head-to-toe styling.\" \/>\n<meta property=\"og:url\" content=\"https:\/\/impulse-activewear.com\/sr\/\u043f\u0440\u043e\u0438\u0437\u0432\u043e\u0434\/the-little-black-iaw-top\/\" \/>\n<meta property=\"og:site_name\" content=\"Impulse Active Wear\" \/>\n<meta property=\"article:modified_time\" content=\"2026-04-14T08:36:28+00:00\" \/>\n<meta property=\"og:image\" content=\"https:\/\/impulse-activewear.com\/wp-content\/uploads\/2024\/02\/IMG_2813.png\" \/>\n\t<meta property=\"og:image:width\" content=\"600\" \/>\n\t<meta property=\"og:image:height\" content=\"900\" \/>\n\t<meta property=\"og:image:type\" content=\"image\/png\" \/>\n<meta name=\"twitter:card\" content=\"summary_large_image\" \/>\n<meta name=\"twitter:label1\" content=\"\u041f\u0440\u043e\u0446\u0435\u045a\u0435\u043d\u043e \u0432\u0440\u0435\u043c\u0435 \u0447\u0438\u0442\u0430\u045a\u0430\" \/>\n\t<meta name=\"twitter:data1\" content=\"1 \u043c\u0438\u043d\u0443\u0442\" \/>\n<script type=\"application\/ld+json\" class=\"yoast-schema-graph\">{\"@context\":\"https:\/\/schema.org\",\"@graph\":[{\"@type\":\"WebPage\",\"@id\":\"https:\/\/impulse-activewear.com\/product\/the-little-black-iaw-top\/\",\"url\":\"https:\/\/impulse-activewear.com\/product\/the-little-black-iaw-top\/\",\"name\":\"THE LITTLE BLACK IAW TOP - Impulse Active Wear\",\"isPartOf\":{\"@id\":\"https:\/\/impulse-activewear.com\/#website\"},\"primaryImageOfPage\":{\"@id\":\"https:\/\/impulse-activewear.com\/product\/the-little-black-iaw-top\/#primaryimage\"},\"image\":{\"@id\":\"https:\/\/impulse-activewear.com\/product\/the-little-black-iaw-top\/#primaryimage\"},\"thumbnailUrl\":\"https:\/\/impulse-activewear.com\/wp-content\/uploads\/2024\/02\/IMG_2813.png\",\"datePublished\":\"2024-02-12T12:27:37+00:00\",\"dateModified\":\"2026-04-14T08:36:28+00:00\",\"breadcrumb\":{\"@id\":\"https:\/\/impulse-activewear.com\/product\/the-little-black-iaw-top\/#breadcrumb\"},\"inLanguage\":\"sr-RS\",\"potentialAction\":[{\"@type\":\"ReadAction\",\"target\":[\"https:\/\/impulse-activewear.com\/product\/the-little-black-iaw-top\/\"]}]},{\"@type\":\"ImageObject\",\"inLanguage\":\"sr-RS\",\"@id\":\"https:\/\/impulse-activewear.com\/product\/the-little-black-iaw-top\/#primaryimage\",\"url\":\"https:\/\/impulse-activewear.com\/wp-content\/uploads\/2024\/02\/IMG_2813.png\",\"contentUrl\":\"https:\/\/impulse-activewear.com\/wp-content\/uploads\/2024\/02\/IMG_2813.png\",\"width\":600,\"height\":900},{\"@type\":\"BreadcrumbList\",\"@id\":\"https:\/\/impulse-activewear.com\/product\/the-little-black-iaw-top\/#breadcrumb\",\"itemListElement\":[{\"@type\":\"ListItem\",\"position\":1,\"name\":\"Home\",\"item\":\"https:\/\/impulse-activewear.com\/\"},{\"@type\":\"ListItem\",\"position\":2,\"name\":\"Shop\",\"item\":\"https:\/\/impulse-activewear.com\/shop\/\"},{\"@type\":\"ListItem\",\"position\":3,\"name\":\"THE LITTLE BLACK IAW TOP\"}]},{\"@type\":\"WebSite\",\"@id\":\"https:\/\/impulse-activewear.com\/#website\",\"url\":\"https:\/\/impulse-activewear.com\/\",\"name\":\"Impulse Active Wear\",\"description\":\"\",\"publisher\":{\"@id\":\"https:\/\/impulse-activewear.com\/#organization\"},\"potentialAction\":[{\"@type\":\"SearchAction\",\"target\":{\"@type\":\"EntryPoint\",\"urlTemplate\":\"https:\/\/impulse-activewear.com\/?s={search_term_string}\"},\"query-input\":{\"@type\":\"PropertyValueSpecification\",\"valueRequired\":true,\"valueName\":\"search_term_string\"}}],\"inLanguage\":\"sr-RS\"},{\"@type\":\"Organization\",\"@id\":\"https:\/\/impulse-activewear.com\/#organization\",\"name\":\"Impulse Active Wear\",\"url\":\"https:\/\/impulse-activewear.com\/\",\"logo\":{\"@type\":\"ImageObject\",\"inLanguage\":\"sr-RS\",\"@id\":\"https:\/\/impulse-activewear.com\/#\/schema\/logo\/image\/\",\"url\":\"https:\/\/impulse-activewear.com\/wp-content\/uploads\/2024\/02\/Impulse-Logo-color-png-sajt.png\",\"contentUrl\":\"https:\/\/impulse-activewear.com\/wp-content\/uploads\/2024\/02\/Impulse-Logo-color-png-sajt.png\",\"width\":900,\"height\":212,\"caption\":\"Impulse Active Wear\"},\"image\":{\"@id\":\"https:\/\/impulse-activewear.com\/#\/schema\/logo\/image\/\"}}]}<\/script>\n<!-- \/ Yoast SEO plugin. -->","yoast_head_json":{"title":"THE LITTLE BLACK IAW TOP - Impulse Active Wear","robots":{"index":"index","follow":"follow","max-snippet":"max-snippet:-1","max-image-preview":"max-image-preview:large","max-video-preview":"max-video-preview:-1"},"canonical":"https:\/\/impulse-activewear.com\/sr\/\u043f\u0440\u043e\u0438\u0437\u0432\u043e\u0434\/the-little-black-iaw-top\/","og_locale":"sr_RS","og_type":"article","og_title":"THE LITTLE BLACK IAW TOP - Impulse Active Wear","og_description":"Soft and gentle on the skin. Double layered to provide full protection. Strong 4cm band that provides support. Flattering scoop neck and back. Pair with leggings for effortless head-to-toe styling.","og_url":"https:\/\/impulse-activewear.com\/sr\/\u043f\u0440\u043e\u0438\u0437\u0432\u043e\u0434\/the-little-black-iaw-top\/","og_site_name":"Impulse Active Wear","article_modified_time":"2026-04-14T08:36:28+00:00","og_image":[{"width":600,"height":900,"url":"https:\/\/impulse-activewear.com\/wp-content\/uploads\/2024\/02\/IMG_2813.png","type":"image\/png"}],"twitter_card":"summary_large_image","twitter_misc":{"\u041f\u0440\u043e\u0446\u0435\u045a\u0435\u043d\u043e \u0432\u0440\u0435\u043c\u0435 \u0447\u0438\u0442\u0430\u045a\u0430":"1 \u043c\u0438\u043d\u0443\u0442"},"schema":{"@context":"https:\/\/schema.org","@graph":[{"@type":"WebPage","@id":"https:\/\/impulse-activewear.com\/product\/the-little-black-iaw-top\/","url":"https:\/\/impulse-activewear.com\/product\/the-little-black-iaw-top\/","name":"THE LITTLE BLACK IAW TOP - Impulse Active Wear","isPartOf":{"@id":"https:\/\/impulse-activewear.com\/#website"},"primaryImageOfPage":{"@id":"https:\/\/impulse-activewear.com\/product\/the-little-black-iaw-top\/#primaryimage"},"image":{"@id":"https:\/\/impulse-activewear.com\/product\/the-little-black-iaw-top\/#primaryimage"},"thumbnailUrl":"https:\/\/impulse-activewear.com\/wp-content\/uploads\/2024\/02\/IMG_2813.png","datePublished":"2024-02-12T12:27:37+00:00","dateModified":"2026-04-14T08:36:28+00:00","breadcrumb":{"@id":"https:\/\/impulse-activewear.com\/product\/the-little-black-iaw-top\/#breadcrumb"},"inLanguage":"sr-RS","potentialAction":[{"@type":"ReadAction","target":["https:\/\/impulse-activewear.com\/product\/the-little-black-iaw-top\/"]}]},{"@type":"ImageObject","inLanguage":"sr-RS","@id":"https:\/\/impulse-activewear.com\/product\/the-little-black-iaw-top\/#primaryimage","url":"https:\/\/impulse-activewear.com\/wp-content\/uploads\/2024\/02\/IMG_2813.png","contentUrl":"https:\/\/impulse-activewear.com\/wp-content\/uploads\/2024\/02\/IMG_2813.png","width":600,"height":900},{"@type":"BreadcrumbList","@id":"https:\/\/impulse-activewear.com\/product\/the-little-black-iaw-top\/#breadcrumb","itemListElement":[{"@type":"ListItem","position":1,"name":"Home","item":"https:\/\/impulse-activewear.com\/"},{"@type":"ListItem","position":2,"name":"Shop","item":"https:\/\/impulse-activewear.com\/shop\/"},{"@type":"ListItem","position":3,"name":"THE LITTLE BLACK IAW TOP"}]},{"@type":"WebSite","@id":"https:\/\/impulse-activewear.com\/#website","url":"https:\/\/impulse-activewear.com\/","name":"Impulse Active Wear","description":"","publisher":{"@id":"https:\/\/impulse-activewear.com\/#organization"},"potentialAction":[{"@type":"SearchAction","target":{"@type":"EntryPoint","urlTemplate":"https:\/\/impulse-activewear.com\/?s={search_term_string}"},"query-input":{"@type":"PropertyValueSpecification","valueRequired":true,"valueName":"search_term_string"}}],"inLanguage":"sr-RS"},{"@type":"Organization","@id":"https:\/\/impulse-activewear.com\/#organization","name":"Impulse Active Wear","url":"https:\/\/impulse-activewear.com\/","logo":{"@type":"ImageObject","inLanguage":"sr-RS","@id":"https:\/\/impulse-activewear.com\/#\/schema\/logo\/image\/","url":"https:\/\/impulse-activewear.com\/wp-content\/uploads\/2024\/02\/Impulse-Logo-color-png-sajt.png","contentUrl":"https:\/\/impulse-activewear.com\/wp-content\/uploads\/2024\/02\/Impulse-Logo-color-png-sajt.png","width":900,"height":212,"caption":"Impulse Active Wear"},"image":{"@id":"https:\/\/impulse-activewear.com\/#\/schema\/logo\/image\/"}}]}},"_links":{"self":[{"href":"https:\/\/impulse-activewear.com\/sr\/wp-json\/wp\/v2\/product\/610","targetHints":{"allow":["GET"]}}],"collection":[{"href":"https:\/\/impulse-activewear.com\/sr\/wp-json\/wp\/v2\/product"}],"about":[{"href":"https:\/\/impulse-activewear.com\/sr\/wp-json\/wp\/v2\/types\/product"}],"replies":[{"embeddable":true,"href":"https:\/\/impulse-activewear.com\/sr\/wp-json\/wp\/v2\/comments?post=610"}],"version-history":[{"count":7,"href":"https:\/\/impulse-activewear.com\/sr\/wp-json\/wp\/v2\/product\/610\/revisions"}],"predecessor-version":[{"id":1262,"href":"https:\/\/impulse-activewear.com\/sr\/wp-json\/wp\/v2\/product\/610\/revisions\/1262"}],"wp:featuredmedia":[{"embeddable":true,"href":"https:\/\/impulse-activewear.com\/sr\/wp-json\/wp\/v2\/media\/889"}],"wp:attachment":[{"href":"https:\/\/impulse-activewear.com\/sr\/wp-json\/wp\/v2\/media?parent=610"}],"wp:term":[{"taxonomy":"product_brand","embeddable":true,"href":"https:\/\/impulse-activewear.com\/sr\/wp-json\/wp\/v2\/product_brand?post=610"},{"taxonomy":"product_cat","embeddable":true,"href":"https:\/\/impulse-activewear.com\/sr\/wp-json\/wp\/v2\/product_cat?post=610"},{"taxonomy":"product_tag","embeddable":true,"href":"https:\/\/impulse-activewear.com\/sr\/wp-json\/wp\/v2\/product_tag?post=610"}],"curies":[{"name":"wp","href":"https:\/\/api.w.org\/{rel}","templated":true}]}}