{"id":552,"date":"2024-02-12T12:14:17","date_gmt":"2024-02-12T12:14:17","guid":{"rendered":"https:\/\/impulse-activewear.com\/?post_type=product&#038;p=552"},"modified":"2026-04-14T08:40:37","modified_gmt":"2026-04-14T08:40:37","slug":"royal-blue","status":"publish","type":"product","link":"https:\/\/impulse-activewear.com\/sr\/\u043f\u0440\u043e\u0438\u0437\u0432\u043e\u0434\/royal-blue\/","title":{"rendered":"ROYAL BLUE LEGGINGS"},"content":{"rendered":"<p>Na\u0161e helanke su lagane i ne\u017ene na ko\u017ei, pru\u017eaju\u0107i ose\u0107aj kao druga ko\u017ea. Pru\u017eaju udobnost i fleksibilnost tokom svake aktivnosti. \u0160iroka traka u struku je izuzetno laskava i stvara efekat zatezanja stomaka, pru\u017eaju\u0107i istovremeno podr\u0161ku tokom svakog pokreta. Sjajni fini\u0161 dodaje stil, \u010dine\u0107i ih lako kombinovanim sa svakodnevnim odevnim kombinacijama. Brzo se su\u0161e, tako da uvek mo\u017eete biti spremni za akciju.<\/p>","protected":false},"excerpt":{"rendered":"<p>Our leggings are lightweight and gentle on the skin, giving off a second skin feel. Providing you comfort and flexibility during any activity. The wide waistband is ultra-flattering and gives off a tummy tuck effect, while also providing support during any movement. The glossy finish adds style making it easy to combine with everyday outfits. [&hellip;]<\/p>\n","protected":false},"featured_media":932,"comment_status":"open","ping_status":"closed","template":"","meta":{"_acf_changed":false},"product_brand":[],"product_cat":[26,25],"product_tag":[],"class_list":{"0":"post-552","1":"product","2":"type-product","3":"status-publish","4":"has-post-thumbnail","6":"product_cat-leggings","7":"product_cat-top-leggings","8":"pa_velicina-l","9":"pa_velicina-m","10":"pa_velicina-s","11":"pa_velicina-xs","13":"first","14":"instock","15":"shipping-taxable","16":"purchasable","17":"product-type-variable"},"acf":[],"yoast_head":"<!-- This site is optimized with the Yoast SEO plugin v27.2 - https:\/\/yoast.com\/product\/yoast-seo-wordpress\/ -->\n<title>ROYAL BLUE LEGGINGS - Impulse Active Wear<\/title>\n<meta name=\"robots\" content=\"index, follow, max-snippet:-1, max-image-preview:large, max-video-preview:-1\" \/>\n<link rel=\"canonical\" href=\"https:\/\/impulse-activewear.com\/sr\/\u043f\u0440\u043e\u0438\u0437\u0432\u043e\u0434\/royal-blue\/\" \/>\n<meta property=\"og:locale\" content=\"sr_RS\" \/>\n<meta property=\"og:type\" content=\"article\" \/>\n<meta property=\"og:title\" content=\"ROYAL BLUE LEGGINGS - Impulse Active Wear\" \/>\n<meta property=\"og:description\" content=\"Our leggings are lightweight and gentle on the skin, giving off a second skin feel. Providing you comfort and flexibility during any activity. The wide waistband is ultra-flattering and gives off a tummy tuck effect, while also providing support during any movement. The glossy finish adds style making it easy to combine with everyday outfits. [&hellip;]\" \/>\n<meta property=\"og:url\" content=\"https:\/\/impulse-activewear.com\/sr\/\u043f\u0440\u043e\u0438\u0437\u0432\u043e\u0434\/royal-blue\/\" \/>\n<meta property=\"og:site_name\" content=\"Impulse Active Wear\" \/>\n<meta property=\"article:modified_time\" content=\"2026-04-14T08:40:37+00:00\" \/>\n<meta property=\"og:image\" content=\"https:\/\/impulse-activewear.com\/wp-content\/uploads\/2024\/02\/HMM_1337-1.png\" \/>\n\t<meta property=\"og:image:width\" content=\"600\" \/>\n\t<meta property=\"og:image:height\" content=\"900\" \/>\n\t<meta property=\"og:image:type\" content=\"image\/png\" \/>\n<meta name=\"twitter:card\" content=\"summary_large_image\" \/>\n<meta name=\"twitter:label1\" content=\"\u041f\u0440\u043e\u0446\u0435\u045a\u0435\u043d\u043e \u0432\u0440\u0435\u043c\u0435 \u0447\u0438\u0442\u0430\u045a\u0430\" \/>\n\t<meta name=\"twitter:data1\" content=\"1 \u043c\u0438\u043d\u0443\u0442\" \/>\n<script type=\"application\/ld+json\" class=\"yoast-schema-graph\">{\"@context\":\"https:\/\/schema.org\",\"@graph\":[{\"@type\":\"WebPage\",\"@id\":\"https:\/\/impulse-activewear.com\/product\/royal-blue\/\",\"url\":\"https:\/\/impulse-activewear.com\/product\/royal-blue\/\",\"name\":\"ROYAL BLUE LEGGINGS - Impulse Active Wear\",\"isPartOf\":{\"@id\":\"https:\/\/impulse-activewear.com\/#website\"},\"primaryImageOfPage\":{\"@id\":\"https:\/\/impulse-activewear.com\/product\/royal-blue\/#primaryimage\"},\"image\":{\"@id\":\"https:\/\/impulse-activewear.com\/product\/royal-blue\/#primaryimage\"},\"thumbnailUrl\":\"https:\/\/impulse-activewear.com\/wp-content\/uploads\/2024\/02\/HMM_1337-1.png\",\"datePublished\":\"2024-02-12T12:14:17+00:00\",\"dateModified\":\"2026-04-14T08:40:37+00:00\",\"breadcrumb\":{\"@id\":\"https:\/\/impulse-activewear.com\/product\/royal-blue\/#breadcrumb\"},\"inLanguage\":\"sr-RS\",\"potentialAction\":[{\"@type\":\"ReadAction\",\"target\":[\"https:\/\/impulse-activewear.com\/product\/royal-blue\/\"]}]},{\"@type\":\"ImageObject\",\"inLanguage\":\"sr-RS\",\"@id\":\"https:\/\/impulse-activewear.com\/product\/royal-blue\/#primaryimage\",\"url\":\"https:\/\/impulse-activewear.com\/wp-content\/uploads\/2024\/02\/HMM_1337-1.png\",\"contentUrl\":\"https:\/\/impulse-activewear.com\/wp-content\/uploads\/2024\/02\/HMM_1337-1.png\",\"width\":600,\"height\":900},{\"@type\":\"BreadcrumbList\",\"@id\":\"https:\/\/impulse-activewear.com\/product\/royal-blue\/#breadcrumb\",\"itemListElement\":[{\"@type\":\"ListItem\",\"position\":1,\"name\":\"Home\",\"item\":\"https:\/\/impulse-activewear.com\/\"},{\"@type\":\"ListItem\",\"position\":2,\"name\":\"Shop\",\"item\":\"https:\/\/impulse-activewear.com\/shop\/\"},{\"@type\":\"ListItem\",\"position\":3,\"name\":\"ROYAL BLUE LEGGINGS\"}]},{\"@type\":\"WebSite\",\"@id\":\"https:\/\/impulse-activewear.com\/#website\",\"url\":\"https:\/\/impulse-activewear.com\/\",\"name\":\"Impulse Active Wear\",\"description\":\"\",\"publisher\":{\"@id\":\"https:\/\/impulse-activewear.com\/#organization\"},\"potentialAction\":[{\"@type\":\"SearchAction\",\"target\":{\"@type\":\"EntryPoint\",\"urlTemplate\":\"https:\/\/impulse-activewear.com\/?s={search_term_string}\"},\"query-input\":{\"@type\":\"PropertyValueSpecification\",\"valueRequired\":true,\"valueName\":\"search_term_string\"}}],\"inLanguage\":\"sr-RS\"},{\"@type\":\"Organization\",\"@id\":\"https:\/\/impulse-activewear.com\/#organization\",\"name\":\"Impulse Active Wear\",\"url\":\"https:\/\/impulse-activewear.com\/\",\"logo\":{\"@type\":\"ImageObject\",\"inLanguage\":\"sr-RS\",\"@id\":\"https:\/\/impulse-activewear.com\/#\/schema\/logo\/image\/\",\"url\":\"https:\/\/impulse-activewear.com\/wp-content\/uploads\/2024\/02\/Impulse-Logo-color-png-sajt.png\",\"contentUrl\":\"https:\/\/impulse-activewear.com\/wp-content\/uploads\/2024\/02\/Impulse-Logo-color-png-sajt.png\",\"width\":900,\"height\":212,\"caption\":\"Impulse Active Wear\"},\"image\":{\"@id\":\"https:\/\/impulse-activewear.com\/#\/schema\/logo\/image\/\"}}]}<\/script>\n<!-- \/ Yoast SEO plugin. -->","yoast_head_json":{"title":"ROYAL BLUE LEGGINGS - Impulse Active Wear","robots":{"index":"index","follow":"follow","max-snippet":"max-snippet:-1","max-image-preview":"max-image-preview:large","max-video-preview":"max-video-preview:-1"},"canonical":"https:\/\/impulse-activewear.com\/sr\/\u043f\u0440\u043e\u0438\u0437\u0432\u043e\u0434\/royal-blue\/","og_locale":"sr_RS","og_type":"article","og_title":"ROYAL BLUE LEGGINGS - Impulse Active Wear","og_description":"Our leggings are lightweight and gentle on the skin, giving off a second skin feel. Providing you comfort and flexibility during any activity. The wide waistband is ultra-flattering and gives off a tummy tuck effect, while also providing support during any movement. The glossy finish adds style making it easy to combine with everyday outfits. [&hellip;]","og_url":"https:\/\/impulse-activewear.com\/sr\/\u043f\u0440\u043e\u0438\u0437\u0432\u043e\u0434\/royal-blue\/","og_site_name":"Impulse Active Wear","article_modified_time":"2026-04-14T08:40:37+00:00","og_image":[{"width":600,"height":900,"url":"https:\/\/impulse-activewear.com\/wp-content\/uploads\/2024\/02\/HMM_1337-1.png","type":"image\/png"}],"twitter_card":"summary_large_image","twitter_misc":{"\u041f\u0440\u043e\u0446\u0435\u045a\u0435\u043d\u043e \u0432\u0440\u0435\u043c\u0435 \u0447\u0438\u0442\u0430\u045a\u0430":"1 \u043c\u0438\u043d\u0443\u0442"},"schema":{"@context":"https:\/\/schema.org","@graph":[{"@type":"WebPage","@id":"https:\/\/impulse-activewear.com\/product\/royal-blue\/","url":"https:\/\/impulse-activewear.com\/product\/royal-blue\/","name":"ROYAL BLUE LEGGINGS - Impulse Active Wear","isPartOf":{"@id":"https:\/\/impulse-activewear.com\/#website"},"primaryImageOfPage":{"@id":"https:\/\/impulse-activewear.com\/product\/royal-blue\/#primaryimage"},"image":{"@id":"https:\/\/impulse-activewear.com\/product\/royal-blue\/#primaryimage"},"thumbnailUrl":"https:\/\/impulse-activewear.com\/wp-content\/uploads\/2024\/02\/HMM_1337-1.png","datePublished":"2024-02-12T12:14:17+00:00","dateModified":"2026-04-14T08:40:37+00:00","breadcrumb":{"@id":"https:\/\/impulse-activewear.com\/product\/royal-blue\/#breadcrumb"},"inLanguage":"sr-RS","potentialAction":[{"@type":"ReadAction","target":["https:\/\/impulse-activewear.com\/product\/royal-blue\/"]}]},{"@type":"ImageObject","inLanguage":"sr-RS","@id":"https:\/\/impulse-activewear.com\/product\/royal-blue\/#primaryimage","url":"https:\/\/impulse-activewear.com\/wp-content\/uploads\/2024\/02\/HMM_1337-1.png","contentUrl":"https:\/\/impulse-activewear.com\/wp-content\/uploads\/2024\/02\/HMM_1337-1.png","width":600,"height":900},{"@type":"BreadcrumbList","@id":"https:\/\/impulse-activewear.com\/product\/royal-blue\/#breadcrumb","itemListElement":[{"@type":"ListItem","position":1,"name":"Home","item":"https:\/\/impulse-activewear.com\/"},{"@type":"ListItem","position":2,"name":"Shop","item":"https:\/\/impulse-activewear.com\/shop\/"},{"@type":"ListItem","position":3,"name":"ROYAL BLUE LEGGINGS"}]},{"@type":"WebSite","@id":"https:\/\/impulse-activewear.com\/#website","url":"https:\/\/impulse-activewear.com\/","name":"Impulse Active Wear","description":"","publisher":{"@id":"https:\/\/impulse-activewear.com\/#organization"},"potentialAction":[{"@type":"SearchAction","target":{"@type":"EntryPoint","urlTemplate":"https:\/\/impulse-activewear.com\/?s={search_term_string}"},"query-input":{"@type":"PropertyValueSpecification","valueRequired":true,"valueName":"search_term_string"}}],"inLanguage":"sr-RS"},{"@type":"Organization","@id":"https:\/\/impulse-activewear.com\/#organization","name":"Impulse Active Wear","url":"https:\/\/impulse-activewear.com\/","logo":{"@type":"ImageObject","inLanguage":"sr-RS","@id":"https:\/\/impulse-activewear.com\/#\/schema\/logo\/image\/","url":"https:\/\/impulse-activewear.com\/wp-content\/uploads\/2024\/02\/Impulse-Logo-color-png-sajt.png","contentUrl":"https:\/\/impulse-activewear.com\/wp-content\/uploads\/2024\/02\/Impulse-Logo-color-png-sajt.png","width":900,"height":212,"caption":"Impulse Active Wear"},"image":{"@id":"https:\/\/impulse-activewear.com\/#\/schema\/logo\/image\/"}}]}},"_links":{"self":[{"href":"https:\/\/impulse-activewear.com\/sr\/wp-json\/wp\/v2\/product\/552","targetHints":{"allow":["GET"]}}],"collection":[{"href":"https:\/\/impulse-activewear.com\/sr\/wp-json\/wp\/v2\/product"}],"about":[{"href":"https:\/\/impulse-activewear.com\/sr\/wp-json\/wp\/v2\/types\/product"}],"replies":[{"embeddable":true,"href":"https:\/\/impulse-activewear.com\/sr\/wp-json\/wp\/v2\/comments?post=552"}],"version-history":[{"count":8,"href":"https:\/\/impulse-activewear.com\/sr\/wp-json\/wp\/v2\/product\/552\/revisions"}],"predecessor-version":[{"id":1230,"href":"https:\/\/impulse-activewear.com\/sr\/wp-json\/wp\/v2\/product\/552\/revisions\/1230"}],"wp:featuredmedia":[{"embeddable":true,"href":"https:\/\/impulse-activewear.com\/sr\/wp-json\/wp\/v2\/media\/932"}],"wp:attachment":[{"href":"https:\/\/impulse-activewear.com\/sr\/wp-json\/wp\/v2\/media?parent=552"}],"wp:term":[{"taxonomy":"product_brand","embeddable":true,"href":"https:\/\/impulse-activewear.com\/sr\/wp-json\/wp\/v2\/product_brand?post=552"},{"taxonomy":"product_cat","embeddable":true,"href":"https:\/\/impulse-activewear.com\/sr\/wp-json\/wp\/v2\/product_cat?post=552"},{"taxonomy":"product_tag","embeddable":true,"href":"https:\/\/impulse-activewear.com\/sr\/wp-json\/wp\/v2\/product_tag?post=552"}],"curies":[{"name":"wp","href":"https:\/\/api.w.org\/{rel}","templated":true}]}}